{"id":68,"date":"2025-10-27T18:17:49","date_gmt":"2025-10-27T17:17:49","guid":{"rendered":"https:\/\/s2.onibo.pl\/?page_id=68"},"modified":"2025-10-27T18:17:50","modified_gmt":"2025-10-27T17:17:50","slug":"modne-kolory-sukienek-2026","status":"publish","type":"page","link":"https:\/\/s2.onibo.pl\/index.php\/modne-kolory-sukienek-2026\/","title":{"rendered":"Modne kolory sukienek 2026"},"content":{"rendered":"\n<h2 class=\"wp-block-heading\"><strong>Modne kolory sukienek 2026<\/strong> \u2013 paleta barw, kt\u00f3ra zachwyca<\/h2>\n\n\n\n<p><strong>Modne kolory sukienek 2026<\/strong> to po\u0142\u0105czenie klasyki z nowoczesnymi trendami. Projektanci stawiaj\u0105 na zgaszone pastele, g\u0142\u0119bokie odcienie i naturalne barwy inspirowane przyrod\u0105. Dzi\u0119ki nim sukienki nabieraj\u0105 elegancji i \u015bwie\u017co\u015bci, co sprawia, \u017ce ka\u017cda stylizacja wygl\u0105da wyj\u0105tkowo.<\/p>\n\n\n\n<p>Sezon 2026 przynosi kolory ziemi \u2013 be\u017ce, br\u0105zy i khaki. Te odcienie s\u0105 bardzo uniwersalne, co umo\u017cliwia tworzenie wielu stylizacji zar\u00f3wno do pracy, jak i na spotkania towarzyskie. Co wi\u0119cej, dzi\u0119ki takim barwom sukienki prezentuj\u0105 si\u0119 elegancko i ponadczasowo.<\/p>\n\n\n\n<h3 class=\"wp-block-heading\">Pastele i subtelne odcienie<\/h3>\n\n\n\n<p>W\u015br\u00f3d trend\u00f3w dominuj\u0105 tak\u017ce pastelowe kolory. Zgaszony r\u00f3\u017c, lawenda, mi\u0119ta i turkus to barwy, kt\u00f3re dodaj\u0105 sukienkom lekko\u015bci i delikatno\u015bci. <strong>Modne kolory sukienek 2026<\/strong> w pastelach sprawdz\u0105 si\u0119 szczeg\u00f3lnie w zwiewnych modelach maxi i lekkich sukienkach na lato.<\/p>\n\n\n\n<p>Pastelowe sukienki s\u0105 idealne do codziennych stylizacji, ale mo\u017cna je te\u017c nosi\u0107 na specjalne okazje. Wystarczy dobra\u0107 odpowiednie dodatki \u2013 klasyczne szpilki lub subteln\u0105 bi\u017cuteri\u0119, aby ca\u0142o\u015b\u0107 nabra\u0142a eleganckiego charakteru. Co wi\u0119cej, pastele \u0142atwo \u0142\u0105czy\u0107 z innymi kolorami, co zwi\u0119ksza mo\u017cliwo\u015bci tworzenia modnych zestaw\u00f3w.<\/p>\n\n\n\n<p>Co wi\u0119cej, dodatki odgrywaj\u0105 kluczow\u0105 rol\u0119 w podkre\u015blaniu kolor\u00f3w sezonu. Torebki, buty czy bi\u017cuteria w kontrastuj\u0105cych lub harmonijnych odcieniach pozwalaj\u0105 stworzy\u0107 sp\u00f3jny look, kt\u00f3ry wygl\u0105da profesjonalnie, a jednocze\u015bnie modnie. Wystarczy subtelny akcent w postaci paska lub szala, aby <strong>modne kolory sukienek 2026<\/strong> nabra\u0142y jeszcze wi\u0119kszej wyrazisto\u015bci i charakteru w codziennych oraz wyj\u0105tkowych stylizacjach.<\/p>\n\n\n\n<h4 class=\"wp-block-heading\">Mocne kolory \u2013 wyrazisto\u015b\u0107 i charakter<\/h4>\n\n\n\n<p>W sezonie 2026 projektanci stawiaj\u0105 r\u00f3wnie\u017c na g\u0142\u0119bokie, nasycone barwy. Bordowy, butelkowa ziele\u0144, fiolet i czekoladowy br\u0105z to odcienie, kt\u00f3re dodaj\u0105 sukience wyrazisto\u015bci. <strong>Modne kolory sukienek 2026<\/strong> w takich tonach sprawdz\u0105 si\u0119 idealnie na wieczorne wyj\u015bcia, uroczysto\u015bci i oficjalne wydarzenia.<\/p>\n\n\n\n<p>G\u0142\u0119bokie barwy \u015bwietnie wsp\u00f3\u0142graj\u0105 z eleganckimi tkaninami, jak satyna, welur czy jedwab. Dzi\u0119ki temu sukienki wygl\u0105daj\u0105 luksusowo, a jednocze\u015bnie s\u0105 wygodne i trwa\u0142e. Co wi\u0119cej, dobrze dobrany kolor potrafi podkre\u015bli\u0107 sylwetk\u0119 i doda\u0107 pewno\u015bci siebie ka\u017cdej kobiecie.<\/p>\n\n\n\n<h5 class=\"wp-block-heading\">Kolor \u201eit\u201d sezonu 2026 \u2013 Capri Blue<\/h5>\n\n\n\n<p>W\u015br\u00f3d najmodniejszych barw wyr\u00f3\u017cnia si\u0119 <strong>Capri Blue<\/strong> \u2013 mieszanka turkusu, kobaltu i b\u0142\u0119kitu. Ten kolor emanuje energi\u0105 i \u015bwie\u017co\u015bci\u0105, dzi\u0119ki czemu sukienki w tym odcieniu przyci\u0105gaj\u0105 wzrok i dodaj\u0105 stylizacji nowoczesnego charakteru.<\/p>\n\n\n\n<p>Capri Blue \u015bwietnie sprawdza si\u0119 zar\u00f3wno w eleganckich sukienkach na specjalne okazje, jak i w codziennych stylizacjach. Mo\u017cna go zestawi\u0107 z pastelami dla \u0142agodnego efektu lub z neutralnymi barwami, by uzyska\u0107 bardziej klasyczny wygl\u0105d. Co wi\u0119cej, ten kolor pasuje do r\u00f3\u017cnych typ\u00f3w urody, co czyni go uniwersalnym wyborem na sezon 2026.<\/p>\n\n\n\n<h6 class=\"wp-block-heading\">Po\u0142\u0105czenia kolorystyczne i inspiracje<\/h6>\n\n\n\n<p>Projektanci zach\u0119caj\u0105 do kreatywnych po\u0142\u0105cze\u0144 barw. <strong>Modne kolory sukienek 2026<\/strong> mo\u017cna \u0142\u0105czy\u0107 w kontrastuj\u0105ce zestawy lub w subtelne gradacje. Ciep\u0142e odcienie, jak pomara\u0144cz i br\u0105z, \u015bwietnie wsp\u00f3\u0142graj\u0105 ze stonowanymi pastelami. Taki miks nadaje stylizacji \u015bwie\u017co\u015bci i nowoczesnego charakteru.<\/p>\n\n\n\n<p>Jesieni\u0105 i zim\u0105 modne b\u0119d\u0105 zestawienia mocnych barw z neutralnymi tonami, co pozwala tworzy\u0107 eleganckie i harmonijne looki. W ten spos\u00f3b sukienki nie tylko wygl\u0105daj\u0105 stylowo, ale r\u00f3wnie\u017c odzwierciedlaj\u0105 indywidualno\u015b\u0107 i poczucie smaku.<\/p>\n\n\n\n<p>Dodatkowo warto zwr\u00f3ci\u0107 uwag\u0119 na materia\u0142y, z kt\u00f3rych wykonane s\u0105 sukienki w modnych kolorach. Naturalne tkaniny, takie jak jedwab, wiskoza czy bawe\u0142na premium, nie tylko pi\u0119knie uk\u0142adaj\u0105 si\u0119 na sylwetce, ale tak\u017ce podkre\u015blaj\u0105 g\u0142\u0119bi\u0119 barw. Dzi\u0119ki temu sukienki prezentuj\u0105 si\u0119 jeszcze bardziej efektownie, a ca\u0142a stylizacja zyskuje elegancki i dopracowany charakter, kt\u00f3ry przyci\u0105ga wzrok w ka\u017cdej sytuacji.<\/p>\n\n\n\n<h6 class=\"wp-block-heading\"><strong>Modne kolory sukienek 2026<\/strong> \u2013 inspiracja dla ka\u017cdej kobiety<\/h6>\n\n\n\n<p><strong>Modne kolory sukienek 2026<\/strong> to po\u0142\u0105czenie klasyki, elegancji i nowoczesnych trend\u00f3w. Dzi\u0119ki nim ka\u017cda kobieta mo\u017ce tworzy\u0107 stylizacje dopasowane do okazji i swojego stylu. Co wi\u0119cej, uniwersalne barwy pozwalaj\u0105 na wiele kombinacji i \u0142atwe komponowanie garderoby, kt\u00f3ra zawsze wygl\u0105da modnie i \u015bwie\u017co.<\/p>\n\n\n\n<p><\/p>\n","protected":false},"excerpt":{"rendered":"<p>Modne kolory sukienek 2026 \u2013 paleta barw, kt\u00f3ra zachwyca Modne kolory sukienek 2026 to po\u0142\u0105czenie klasyki z nowoczesnymi trendami. Projektanci stawiaj\u0105 na zgaszone pastele, g\u0142\u0119bokie odcienie i naturalne barwy inspirowane przyrod\u0105. Dzi\u0119ki nim sukienki nabieraj\u0105 elegancji i \u015bwie\u017co\u015bci, co sprawia, \u017ce ka\u017cda stylizacja wygl\u0105da wyj\u0105tkowo. Sezon 2026 przynosi kolory ziemi \u2013 be\u017ce, br\u0105zy i khaki. [&hellip;]<\/p>\n","protected":false},"author":1,"featured_media":0,"parent":0,"menu_order":0,"comment_status":"closed","ping_status":"closed","template":"page-with-title","meta":{"footnotes":""},"class_list":["post-68","page","type-page","status-publish","hentry"],"yoast_head":"<!-- This site is optimized with the Yoast SEO plugin v26.1 - https:\/\/yoast.com\/wordpress\/plugins\/seo\/ -->\n<title>Modne kolory sukienek 2026 \u2013 najnowsze trendy w palecie barw<\/title>\n<meta name=\"description\" content=\"Modne kolory sukienek 2026 \u2013 odkryj najnowsze barwy sezonu. Pastelowe, g\u0142\u0119bokie i energetyczne odcienie idealne na ka\u017cd\u0105 okazj\u0119 i stylizacj\u0119.\" \/>\n<meta name=\"robots\" content=\"index, follow, max-snippet:-1, max-image-preview:large, max-video-preview:-1\" \/>\n<link rel=\"canonical\" href=\"https:\/\/s2.onibo.pl\/index.php\/modne-kolory-sukienek-2026\/\" \/>\n<meta property=\"og:locale\" content=\"pl_PL\" \/>\n<meta property=\"og:type\" content=\"article\" \/>\n<meta property=\"og:title\" content=\"Modne kolory sukienek 2026 \u2013 najnowsze trendy w palecie barw\" \/>\n<meta property=\"og:description\" content=\"Modne kolory sukienek 2026 \u2013 odkryj najnowsze barwy sezonu. Pastelowe, g\u0142\u0119bokie i energetyczne odcienie idealne na ka\u017cd\u0105 okazj\u0119 i stylizacj\u0119.\" \/>\n<meta property=\"og:url\" content=\"https:\/\/s2.onibo.pl\/index.php\/modne-kolory-sukienek-2026\/\" \/>\n<meta property=\"og:site_name\" content=\"Kolejna witryna oparta na WordPressie\" \/>\n<meta property=\"article:modified_time\" content=\"2025-10-27T17:17:50+00:00\" \/>\n<meta name=\"twitter:card\" content=\"summary_large_image\" \/>\n<meta name=\"twitter:label1\" content=\"Szacowany czas czytania\" \/>\n\t<meta name=\"twitter:data1\" content=\"4 minuty\" \/>\n<script type=\"application\/ld+json\" class=\"yoast-schema-graph\">{\"@context\":\"https:\/\/schema.org\",\"@graph\":[{\"@type\":\"WebPage\",\"@id\":\"https:\/\/s2.onibo.pl\/index.php\/modne-kolory-sukienek-2026\/\",\"url\":\"https:\/\/s2.onibo.pl\/index.php\/modne-kolory-sukienek-2026\/\",\"name\":\"Modne kolory sukienek 2026 \u2013 najnowsze trendy w palecie barw\",\"isPartOf\":{\"@id\":\"https:\/\/s2.onibo.pl\/#website\"},\"datePublished\":\"2025-10-27T17:17:49+00:00\",\"dateModified\":\"2025-10-27T17:17:50+00:00\",\"description\":\"Modne kolory sukienek 2026 \u2013 odkryj najnowsze barwy sezonu. Pastelowe, g\u0142\u0119bokie i energetyczne odcienie idealne na ka\u017cd\u0105 okazj\u0119 i stylizacj\u0119.\",\"breadcrumb\":{\"@id\":\"https:\/\/s2.onibo.pl\/index.php\/modne-kolory-sukienek-2026\/#breadcrumb\"},\"inLanguage\":\"pl-PL\",\"potentialAction\":[{\"@type\":\"ReadAction\",\"target\":[\"https:\/\/s2.onibo.pl\/index.php\/modne-kolory-sukienek-2026\/\"]}]},{\"@type\":\"BreadcrumbList\",\"@id\":\"https:\/\/s2.onibo.pl\/index.php\/modne-kolory-sukienek-2026\/#breadcrumb\",\"itemListElement\":[{\"@type\":\"ListItem\",\"position\":1,\"name\":\"Strona g\u0142\u00f3wna\",\"item\":\"https:\/\/s2.onibo.pl\/\"},{\"@type\":\"ListItem\",\"position\":2,\"name\":\"Modne kolory sukienek 2026\"}]},{\"@type\":\"WebSite\",\"@id\":\"https:\/\/s2.onibo.pl\/#website\",\"url\":\"https:\/\/s2.onibo.pl\/\",\"name\":\"Kolejna witryna oparta na WordPressie\",\"description\":\"\",\"potentialAction\":[{\"@type\":\"SearchAction\",\"target\":{\"@type\":\"EntryPoint\",\"urlTemplate\":\"https:\/\/s2.onibo.pl\/?s={search_term_string}\"},\"query-input\":{\"@type\":\"PropertyValueSpecification\",\"valueRequired\":true,\"valueName\":\"search_term_string\"}}],\"inLanguage\":\"pl-PL\"}]}<\/script>\n<!-- \/ Yoast SEO plugin. -->","yoast_head_json":{"title":"Modne kolory sukienek 2026 \u2013 najnowsze trendy w palecie barw","description":"Modne kolory sukienek 2026 \u2013 odkryj najnowsze barwy sezonu. Pastelowe, g\u0142\u0119bokie i energetyczne odcienie idealne na ka\u017cd\u0105 okazj\u0119 i stylizacj\u0119.","robots":{"index":"index","follow":"follow","max-snippet":"max-snippet:-1","max-image-preview":"max-image-preview:large","max-video-preview":"max-video-preview:-1"},"canonical":"https:\/\/s2.onibo.pl\/index.php\/modne-kolory-sukienek-2026\/","og_locale":"pl_PL","og_type":"article","og_title":"Modne kolory sukienek 2026 \u2013 najnowsze trendy w palecie barw","og_description":"Modne kolory sukienek 2026 \u2013 odkryj najnowsze barwy sezonu. Pastelowe, g\u0142\u0119bokie i energetyczne odcienie idealne na ka\u017cd\u0105 okazj\u0119 i stylizacj\u0119.","og_url":"https:\/\/s2.onibo.pl\/index.php\/modne-kolory-sukienek-2026\/","og_site_name":"Kolejna witryna oparta na WordPressie","article_modified_time":"2025-10-27T17:17:50+00:00","twitter_card":"summary_large_image","twitter_misc":{"Szacowany czas czytania":"4 minuty"},"schema":{"@context":"https:\/\/schema.org","@graph":[{"@type":"WebPage","@id":"https:\/\/s2.onibo.pl\/index.php\/modne-kolory-sukienek-2026\/","url":"https:\/\/s2.onibo.pl\/index.php\/modne-kolory-sukienek-2026\/","name":"Modne kolory sukienek 2026 \u2013 najnowsze trendy w palecie barw","isPartOf":{"@id":"https:\/\/s2.onibo.pl\/#website"},"datePublished":"2025-10-27T17:17:49+00:00","dateModified":"2025-10-27T17:17:50+00:00","description":"Modne kolory sukienek 2026 \u2013 odkryj najnowsze barwy sezonu. Pastelowe, g\u0142\u0119bokie i energetyczne odcienie idealne na ka\u017cd\u0105 okazj\u0119 i stylizacj\u0119.","breadcrumb":{"@id":"https:\/\/s2.onibo.pl\/index.php\/modne-kolory-sukienek-2026\/#breadcrumb"},"inLanguage":"pl-PL","potentialAction":[{"@type":"ReadAction","target":["https:\/\/s2.onibo.pl\/index.php\/modne-kolory-sukienek-2026\/"]}]},{"@type":"BreadcrumbList","@id":"https:\/\/s2.onibo.pl\/index.php\/modne-kolory-sukienek-2026\/#breadcrumb","itemListElement":[{"@type":"ListItem","position":1,"name":"Strona g\u0142\u00f3wna","item":"https:\/\/s2.onibo.pl\/"},{"@type":"ListItem","position":2,"name":"Modne kolory sukienek 2026"}]},{"@type":"WebSite","@id":"https:\/\/s2.onibo.pl\/#website","url":"https:\/\/s2.onibo.pl\/","name":"Kolejna witryna oparta na WordPressie","description":"","potentialAction":[{"@type":"SearchAction","target":{"@type":"EntryPoint","urlTemplate":"https:\/\/s2.onibo.pl\/?s={search_term_string}"},"query-input":{"@type":"PropertyValueSpecification","valueRequired":true,"valueName":"search_term_string"}}],"inLanguage":"pl-PL"}]}},"_links":{"self":[{"href":"https:\/\/s2.onibo.pl\/index.php\/wp-json\/wp\/v2\/pages\/68","targetHints":{"allow":["GET"]}}],"collection":[{"href":"https:\/\/s2.onibo.pl\/index.php\/wp-json\/wp\/v2\/pages"}],"about":[{"href":"https:\/\/s2.onibo.pl\/index.php\/wp-json\/wp\/v2\/types\/page"}],"author":[{"embeddable":true,"href":"https:\/\/s2.onibo.pl\/index.php\/wp-json\/wp\/v2\/users\/1"}],"replies":[{"embeddable":true,"href":"https:\/\/s2.onibo.pl\/index.php\/wp-json\/wp\/v2\/comments?post=68"}],"version-history":[{"count":1,"href":"https:\/\/s2.onibo.pl\/index.php\/wp-json\/wp\/v2\/pages\/68\/revisions"}],"predecessor-version":[{"id":69,"href":"https:\/\/s2.onibo.pl\/index.php\/wp-json\/wp\/v2\/pages\/68\/revisions\/69"}],"wp:attachment":[{"href":"https:\/\/s2.onibo.pl\/index.php\/wp-json\/wp\/v2\/media?parent=68"}],"curies":[{"name":"wp","href":"https:\/\/api.w.org\/{rel}","templated":true}]}}