{"id":37,"date":"2025-10-25T23:06:14","date_gmt":"2025-10-25T21:06:14","guid":{"rendered":"https:\/\/s2.onibo.pl\/?page_id=37"},"modified":"2025-10-25T23:06:14","modified_gmt":"2025-10-25T21:06:14","slug":"wygodne-ubrania-dla-kobiet","status":"publish","type":"page","link":"https:\/\/s2.onibo.pl\/index.php\/wygodne-ubrania-dla-kobiet\/","title":{"rendered":"wygodne ubrania dla kobiet"},"content":{"rendered":"\n<h2 class=\"wp-block-heading\"><strong>Wygodne ubrania dla kobiet<\/strong> \u2013 komfort i styl na co dzie\u0144<\/h2>\n\n\n\n<p><strong>Wygodne ubrania dla kobiet<\/strong> to podstawa ka\u017cdej garderoby, kt\u00f3ra \u0142\u0105czy komfort z modnym wygl\u0105dem. Sklepy internetowe oferuj\u0105 szeroki wyb\u00f3r ubra\u0144, kt\u00f3re sprawdzaj\u0105 si\u0119 zar\u00f3wno w codziennych sytuacjach, jak i podczas pracy czy spotka\u0144 ze znajomymi. Co wi\u0119cej, zakupy online pozwalaj\u0105 przegl\u0105da\u0107 setki propozycji. Umo\u017cliwiaj\u0105 por\u00f3wnywa\u0107 oferty r\u00f3\u017cnych marek w domowym zaciszu, bez konieczno\u015bci wychodzenia z domu.<\/p>\n\n\n\n<p>Dzi\u0119ki szerokiej ofercie mo\u017cna znale\u017a\u0107 wszystko \u2013 od lu\u017anych bluzek, wygodnych spodni i leggins\u00f3w, po mi\u0119kkie sukienki czy swetry. Dodatkowo <strong>wygodne ubrania dla kobiet<\/strong> umo\u017cliwiaj\u0105 tworzenie zestaw\u00f3w, kt\u00f3re \u0142\u0105cz\u0105 funkcjonalno\u015b\u0107 z elegancj\u0105. Materia\u0142y takie jak bawe\u0142na, len czy delikatny dzianinowy splot zapewniaj\u0105 przewiewno\u015b\u0107, trwa\u0142o\u015b\u0107 i komfort noszenia przez ca\u0142y dzie\u0144.<\/p>\n\n\n\n<p>Warto r\u00f3wnie\u017c zwr\u00f3ci\u0107 uwag\u0119 na modne detale. Kieszenie, elastyczne pasy, regulowane mankiety czy lu\u017aniejsze fasony sprawiaj\u0105, \u017ce ubrania s\u0105 nie tylko praktyczne, ale r\u00f3wnie\u017c atrakcyjne wizualnie. Dzi\u0119ki temu kobieta mo\u017ce czu\u0107 si\u0119 swobodnie, a jednocze\u015bnie wygl\u0105da\u0107 stylowo.<\/p>\n\n\n\n<h3 class=\"wp-block-heading\">Fasony i materia\u0142y wygodnych ubra\u0144<\/h3>\n\n\n\n<p>Sklepy internetowe oferuj\u0105 <strong>wygodne ubrania dla kobiet<\/strong> w wielu fasonach i kolorach. Pozwala to ka\u017cdej kobiecie dopasowa\u0107 ubrania do swojej sylwetki i okazji. Oversize\u2019owe bluzki, spodnie z elastycznym pasem, sukienki o lu\u017anym kroju czy swetry z mi\u0119kkich materia\u0142\u00f3w to tylko niekt\u00f3re propozycje. Co wi\u0119cej, szeroka gama kolorystyczna i wzor\u00f3w daje mo\u017cliwo\u015b\u0107 tworzenia indywidualnych zestaw\u00f3w i wprowadzania do garderoby \u015bwie\u017cych akcent\u00f3w.<\/p>\n\n\n\n<p>Dodatkowo ubrania mo\u017cna \u0142atwo \u0142\u0105czy\u0107 z r\u00f3\u017cnorodnymi dodatkami \u2013 wygodne sneakersy, baleriny, lekkie torby czy subtelna bi\u017cuteria podkre\u015blaj\u0105 charakter stylizacji. Zakupy online pozwalaj\u0105 dok\u0142adnie obejrze\u0107 ka\u017cdy model i przeczyta\u0107 opinie innych klientek, co u\u0142atwia trafny wyb\u00f3r i zwi\u0119ksza satysfakcj\u0119 z zakup\u00f3w.<\/p>\n\n\n\n<p>Wiele sklep\u00f3w oferuje r\u00f3wnie\u017c rozmiary plus size, dzi\u0119ki czemu ka\u017cda kobieta mo\u017ce czu\u0107 si\u0119 komfortowo i atrakcyjnie. Dodatkowo elastyczne materia\u0142y i dopasowane kroje sprawiaj\u0105, \u017ce ubrania nie kr\u0119puj\u0105 ruch\u00f3w, co zwi\u0119ksza wygod\u0119 w codziennym u\u017cytkowaniu.<\/p>\n\n\n\n<h4 class=\"wp-block-heading\">Zalety zakup\u00f3w online<\/h4>\n\n\n\n<p><strong>Wygodne ubrania dla kobiet<\/strong> w sklepach internetowych pozwalaj\u0105 na zakupy wygodnie i bez po\u015bpiechu. Mo\u017cna przegl\u0105da\u0107 setki produkt\u00f3w, por\u00f3wnywa\u0107 oferty wielu marek i wybiera\u0107 ubrania dopasowane do w\u0142asnych potrzeb. Co wi\u0119cej, sklepy online oferuj\u0105 szybk\u0105 wysy\u0142k\u0119, mo\u017cliwo\u015b\u0107 zwrotu lub wymiany, a tak\u017ce atrakcyjne promocje, kt\u00f3re u\u0142atwiaj\u0105 zakup wysokiej jako\u015bci odzie\u017cy w korzystnych cenach.<\/p>\n\n\n\n<p>Zakupy online umo\u017cliwiaj\u0105 eksperymentowanie z r\u00f3\u017cnymi fasonami, kolorami i materia\u0142ami, dzi\u0119ki czemu ka\u017cda kobieta mo\u017ce tworzy\u0107 unikalne stylizacje. Co wi\u0119cej, sklepy oferuj\u0105 gotowe inspiracje, kt\u00f3re pomagaj\u0105 \u0142\u0105czy\u0107 ubrania w zestawy odpowiednie na r\u00f3\u017cne okazje.<\/p>\n\n\n\n<h5 class=\"wp-block-heading\">Podsumowanie<\/h5>\n\n\n\n<p><strong>Wygodne ubrania dla kobiet<\/strong> \u0142\u0105cz\u0105 komfort, praktyczno\u015b\u0107 i modny wygl\u0105d. Dzi\u0119ki szerokiemu wyborowi fason\u00f3w, materia\u0142\u00f3w i kolor\u00f3w ka\u017cda kobieta mo\u017ce znale\u017a\u0107 ubrania idealne do codziennego u\u017cytku, pracy czy spotka\u0144 towarzyskich. Zakupy online zapewniaj\u0105 wygod\u0119, szybkie por\u00f3wnanie ofert i atrakcyjne ceny, co pozwala tworzy\u0107 stylowe i komfortowe zestawy w prosty i przyjemny spos\u00f3b.<\/p>\n","protected":false},"excerpt":{"rendered":"<p>Wygodne ubrania dla kobiet \u2013 komfort i styl na co dzie\u0144 Wygodne ubrania dla kobiet to podstawa ka\u017cdej garderoby, kt\u00f3ra \u0142\u0105czy komfort z modnym wygl\u0105dem. Sklepy internetowe oferuj\u0105 szeroki wyb\u00f3r ubra\u0144, kt\u00f3re sprawdzaj\u0105 si\u0119 zar\u00f3wno w codziennych sytuacjach, jak i podczas pracy czy spotka\u0144 ze znajomymi. Co wi\u0119cej, zakupy online pozwalaj\u0105 przegl\u0105da\u0107 setki propozycji. Umo\u017cliwiaj\u0105 [&hellip;]<\/p>\n","protected":false},"author":1,"featured_media":0,"parent":0,"menu_order":0,"comment_status":"closed","ping_status":"closed","template":"page-with-title","meta":{"footnotes":""},"class_list":["post-37","page","type-page","status-publish","hentry"],"yoast_head":"<!-- This site is optimized with the Yoast SEO plugin v26.1 - https:\/\/yoast.com\/wordpress\/plugins\/seo\/ -->\n<title>Wygodne ubrania dla kobiet \u2013 komfort i styl na co dzie\u0144<\/title>\n<meta name=\"description\" content=\"Wygodne ubrania dla kobiet \u2013 odkryj lu\u017ane, stylowe i praktyczne modele online. Zam\u00f3w ubrania idealne do codziennego noszenia i pracy!\" \/>\n<meta name=\"robots\" content=\"index, follow, max-snippet:-1, max-image-preview:large, max-video-preview:-1\" \/>\n<link rel=\"canonical\" href=\"https:\/\/s2.onibo.pl\/index.php\/wygodne-ubrania-dla-kobiet\/\" \/>\n<meta property=\"og:locale\" content=\"pl_PL\" \/>\n<meta property=\"og:type\" content=\"article\" \/>\n<meta property=\"og:title\" content=\"Wygodne ubrania dla kobiet \u2013 komfort i styl na co dzie\u0144\" \/>\n<meta property=\"og:description\" content=\"Wygodne ubrania dla kobiet \u2013 odkryj lu\u017ane, stylowe i praktyczne modele online. Zam\u00f3w ubrania idealne do codziennego noszenia i pracy!\" \/>\n<meta property=\"og:url\" content=\"https:\/\/s2.onibo.pl\/index.php\/wygodne-ubrania-dla-kobiet\/\" \/>\n<meta property=\"og:site_name\" content=\"Kolejna witryna oparta na WordPressie\" \/>\n<meta name=\"twitter:card\" content=\"summary_large_image\" \/>\n<meta name=\"twitter:label1\" content=\"Szacowany czas czytania\" \/>\n\t<meta name=\"twitter:data1\" content=\"3 minuty\" \/>\n<script type=\"application\/ld+json\" class=\"yoast-schema-graph\">{\"@context\":\"https:\/\/schema.org\",\"@graph\":[{\"@type\":\"WebPage\",\"@id\":\"https:\/\/s2.onibo.pl\/index.php\/wygodne-ubrania-dla-kobiet\/\",\"url\":\"https:\/\/s2.onibo.pl\/index.php\/wygodne-ubrania-dla-kobiet\/\",\"name\":\"Wygodne ubrania dla kobiet \u2013 komfort i styl na co dzie\u0144\",\"isPartOf\":{\"@id\":\"https:\/\/s2.onibo.pl\/#website\"},\"datePublished\":\"2025-10-25T21:06:14+00:00\",\"description\":\"Wygodne ubrania dla kobiet \u2013 odkryj lu\u017ane, stylowe i praktyczne modele online. Zam\u00f3w ubrania idealne do codziennego noszenia i pracy!\",\"breadcrumb\":{\"@id\":\"https:\/\/s2.onibo.pl\/index.php\/wygodne-ubrania-dla-kobiet\/#breadcrumb\"},\"inLanguage\":\"pl-PL\",\"potentialAction\":[{\"@type\":\"ReadAction\",\"target\":[\"https:\/\/s2.onibo.pl\/index.php\/wygodne-ubrania-dla-kobiet\/\"]}]},{\"@type\":\"BreadcrumbList\",\"@id\":\"https:\/\/s2.onibo.pl\/index.php\/wygodne-ubrania-dla-kobiet\/#breadcrumb\",\"itemListElement\":[{\"@type\":\"ListItem\",\"position\":1,\"name\":\"Strona g\u0142\u00f3wna\",\"item\":\"https:\/\/s2.onibo.pl\/\"},{\"@type\":\"ListItem\",\"position\":2,\"name\":\"wygodne ubrania dla kobiet\"}]},{\"@type\":\"WebSite\",\"@id\":\"https:\/\/s2.onibo.pl\/#website\",\"url\":\"https:\/\/s2.onibo.pl\/\",\"name\":\"Kolejna witryna oparta na WordPressie\",\"description\":\"\",\"potentialAction\":[{\"@type\":\"SearchAction\",\"target\":{\"@type\":\"EntryPoint\",\"urlTemplate\":\"https:\/\/s2.onibo.pl\/?s={search_term_string}\"},\"query-input\":{\"@type\":\"PropertyValueSpecification\",\"valueRequired\":true,\"valueName\":\"search_term_string\"}}],\"inLanguage\":\"pl-PL\"}]}<\/script>\n<!-- \/ Yoast SEO plugin. -->","yoast_head_json":{"title":"Wygodne ubrania dla kobiet \u2013 komfort i styl na co dzie\u0144","description":"Wygodne ubrania dla kobiet \u2013 odkryj lu\u017ane, stylowe i praktyczne modele online. Zam\u00f3w ubrania idealne do codziennego noszenia i pracy!","robots":{"index":"index","follow":"follow","max-snippet":"max-snippet:-1","max-image-preview":"max-image-preview:large","max-video-preview":"max-video-preview:-1"},"canonical":"https:\/\/s2.onibo.pl\/index.php\/wygodne-ubrania-dla-kobiet\/","og_locale":"pl_PL","og_type":"article","og_title":"Wygodne ubrania dla kobiet \u2013 komfort i styl na co dzie\u0144","og_description":"Wygodne ubrania dla kobiet \u2013 odkryj lu\u017ane, stylowe i praktyczne modele online. Zam\u00f3w ubrania idealne do codziennego noszenia i pracy!","og_url":"https:\/\/s2.onibo.pl\/index.php\/wygodne-ubrania-dla-kobiet\/","og_site_name":"Kolejna witryna oparta na WordPressie","twitter_card":"summary_large_image","twitter_misc":{"Szacowany czas czytania":"3 minuty"},"schema":{"@context":"https:\/\/schema.org","@graph":[{"@type":"WebPage","@id":"https:\/\/s2.onibo.pl\/index.php\/wygodne-ubrania-dla-kobiet\/","url":"https:\/\/s2.onibo.pl\/index.php\/wygodne-ubrania-dla-kobiet\/","name":"Wygodne ubrania dla kobiet \u2013 komfort i styl na co dzie\u0144","isPartOf":{"@id":"https:\/\/s2.onibo.pl\/#website"},"datePublished":"2025-10-25T21:06:14+00:00","description":"Wygodne ubrania dla kobiet \u2013 odkryj lu\u017ane, stylowe i praktyczne modele online. Zam\u00f3w ubrania idealne do codziennego noszenia i pracy!","breadcrumb":{"@id":"https:\/\/s2.onibo.pl\/index.php\/wygodne-ubrania-dla-kobiet\/#breadcrumb"},"inLanguage":"pl-PL","potentialAction":[{"@type":"ReadAction","target":["https:\/\/s2.onibo.pl\/index.php\/wygodne-ubrania-dla-kobiet\/"]}]},{"@type":"BreadcrumbList","@id":"https:\/\/s2.onibo.pl\/index.php\/wygodne-ubrania-dla-kobiet\/#breadcrumb","itemListElement":[{"@type":"ListItem","position":1,"name":"Strona g\u0142\u00f3wna","item":"https:\/\/s2.onibo.pl\/"},{"@type":"ListItem","position":2,"name":"wygodne ubrania dla kobiet"}]},{"@type":"WebSite","@id":"https:\/\/s2.onibo.pl\/#website","url":"https:\/\/s2.onibo.pl\/","name":"Kolejna witryna oparta na WordPressie","description":"","potentialAction":[{"@type":"SearchAction","target":{"@type":"EntryPoint","urlTemplate":"https:\/\/s2.onibo.pl\/?s={search_term_string}"},"query-input":{"@type":"PropertyValueSpecification","valueRequired":true,"valueName":"search_term_string"}}],"inLanguage":"pl-PL"}]}},"_links":{"self":[{"href":"https:\/\/s2.onibo.pl\/index.php\/wp-json\/wp\/v2\/pages\/37","targetHints":{"allow":["GET"]}}],"collection":[{"href":"https:\/\/s2.onibo.pl\/index.php\/wp-json\/wp\/v2\/pages"}],"about":[{"href":"https:\/\/s2.onibo.pl\/index.php\/wp-json\/wp\/v2\/types\/page"}],"author":[{"embeddable":true,"href":"https:\/\/s2.onibo.pl\/index.php\/wp-json\/wp\/v2\/users\/1"}],"replies":[{"embeddable":true,"href":"https:\/\/s2.onibo.pl\/index.php\/wp-json\/wp\/v2\/comments?post=37"}],"version-history":[{"count":1,"href":"https:\/\/s2.onibo.pl\/index.php\/wp-json\/wp\/v2\/pages\/37\/revisions"}],"predecessor-version":[{"id":38,"href":"https:\/\/s2.onibo.pl\/index.php\/wp-json\/wp\/v2\/pages\/37\/revisions\/38"}],"wp:attachment":[{"href":"https:\/\/s2.onibo.pl\/index.php\/wp-json\/wp\/v2\/media?parent=37"}],"curies":[{"name":"wp","href":"https:\/\/api.w.org\/{rel}","templated":true}]}}