{"id":13,"date":"2025-10-25T20:19:28","date_gmt":"2025-10-25T18:19:28","guid":{"rendered":"https:\/\/s2.onibo.pl\/?page_id=13"},"modified":"2025-10-25T20:19:29","modified_gmt":"2025-10-25T18:19:29","slug":"modne-ubrania-dla-kobiet","status":"publish","type":"page","link":"https:\/\/s2.onibo.pl\/index.php\/modne-ubrania-dla-kobiet\/","title":{"rendered":"Modne ubrania dla kobiet"},"content":{"rendered":"\n<h2 class=\"wp-block-heading\"><strong>Modne ubrania dla kobiet<\/strong> \u2013 styl i komfort ka\u017cdego dnia<\/h2>\n\n\n\n<p><strong>Modne ubrania dla kobiet<\/strong> to spos\u00f3b na wyra\u017cenie w\u0142asnego stylu i podkre\u015blenie osobowo\u015bci. Wsp\u00f3\u0142czesne sklepy internetowe oferuj\u0105 szeroki wyb\u00f3r fason\u00f3w i kolor\u00f3w, dzi\u0119ki czemu ka\u017cda kobieta mo\u017ce znale\u017a\u0107 co\u015b dla siebie. Zakupy online pozwalaj\u0105 r\u00f3wnie\u017c zaoszcz\u0119dzi\u0107 czas, poniewa\u017c ca\u0142y proces odbywa si\u0119 bez wychodzenia z domu. Co wi\u0119cej, mo\u017cliwo\u015b\u0107 por\u00f3wnania ofert wielu marek sprawia, \u017ce mo\u017cna wybra\u0107 najlepszy stosunek jako\u015bci do ceny.<\/p>\n\n\n\n<p>W internetowych butikach nie brakuje eleganckich sukienek, wygodnych spodni, modnych koszul i stylowych dodatk\u00f3w. Coraz cz\u0119\u015bciej kobiety stawiaj\u0105 na ubrania, kt\u00f3re \u0142\u0105cz\u0105 wygod\u0119 z nowoczesnym designem. Dzi\u0119ki temu mo\u017cna wygl\u0105da\u0107 dobrze zar\u00f3wno w pracy, jak i po godzinach. Dodatkowo sklepy z mod\u0105 regularnie aktualizuj\u0105 swoje kolekcje, co pozwala by\u0107 zawsze na bie\u017c\u0105co z trendami.<\/p>\n\n\n\n<p>Wybieraj\u0105c <strong>modne ubrania dla kobiet<\/strong>, warto zwraca\u0107 uwag\u0119 nie tylko na wygl\u0105d, ale tak\u017ce na jako\u015b\u0107 materia\u0142\u00f3w. Dobre tkaniny sprawiaj\u0105, \u017ce ubrania lepiej le\u017c\u0105, s\u0105 trwa\u0142e i przyjemne w noszeniu. Coraz wi\u0119cej marek stawia te\u017c na zr\u00f3wnowa\u017con\u0105 produkcj\u0119, co pozwala \u0142\u0105czy\u0107 mod\u0119 z trosk\u0105 o \u015brodowisko.<\/p>\n\n\n\n<h3 class=\"wp-block-heading\">Stylowe propozycje na ka\u017cd\u0105 okazj\u0119<\/h3>\n\n\n\n<p>Nowoczesne sklepy internetowe z mod\u0105 oferuj\u0105 ubrania dopasowane do ka\u017cdej sytuacji. Mo\u017cna znale\u017a\u0107 zar\u00f3wno codzienne stylizacje, jak i eleganckie kreacje na wyj\u0105tkowe okazje. Wiele marek proponuje te\u017c kolekcje sezonowe, dzi\u0119ki czemu \u0142atwo dostosowa\u0107 garderob\u0119 do pory roku. Dodatkowo coraz wi\u0119ksz\u0105 popularno\u015bci\u0105 ciesz\u0105 si\u0119 zestawy typu capsule wardrobe \u2013 czyli kolekcje kilku ubra\u0144, kt\u00f3re mo\u017cna ze sob\u0105 \u0142\u0105czy\u0107 na r\u00f3\u017cne sposoby.<\/p>\n\n\n\n<p>Warto r\u00f3wnie\u017c zwr\u00f3ci\u0107 uwag\u0119 na rosn\u0105c\u0105 popularno\u015b\u0107 ubra\u0144 w stylu casual chic. To po\u0142\u0105czenie luzu i elegancji, kt\u00f3re idealnie sprawdza si\u0119 w codziennych sytuacjach. W takich stylizacjach kobieta czuje si\u0119 komfortowo, a jednocze\u015bnie prezentuje si\u0119 stylowo. Co wi\u0119cej, wiele sklep\u00f3w online oferuje inspiracje w formie gotowych zestaw\u00f3w, dzi\u0119ki czemu zakupy staj\u0105 si\u0119 prostsze i szybsze.<\/p>\n\n\n\n<p>Dodatkowo zakupy w sieci to wygoda, kt\u00f3rej nie da si\u0119 przeceni\u0107. Wystarczy kilka klikni\u0119\u0107, aby zam\u00f3wi\u0107 ubrania, a wi\u0119kszo\u015b\u0107 sklep\u00f3w umo\u017cliwia \u0142atwe zwroty i wymiany. Dzi\u0119ki temu ryzyko nietrafionego wyboru jest naprawd\u0119 niewielkie.<\/p>\n\n\n\n<h4 class=\"wp-block-heading\">Zakupy online \u2013 wygoda i korzy\u015bci<\/h4>\n\n\n\n<p>W \u015bwiecie zakup\u00f3w online liczy si\u0119 nie tylko szeroka oferta, ale te\u017c komfort u\u017cytkowania. Strony sklep\u00f3w s\u0105 dzi\u015b intuicyjne, a proces zakupowy przebiega szybko i bez komplikacji. Kobiety ceni\u0105 te\u017c fakt, \u017ce mog\u0105 spokojnie por\u00f3wna\u0107 produkty, kolory i rozmiary, zanim zdecyduj\u0105 si\u0119 na zakup. Co wi\u0119cej, wi\u0119kszo\u015b\u0107 sklep\u00f3w regularnie oferuje promocje, rabaty oraz programy lojalno\u015bciowe, kt\u00f3re pozwalaj\u0105 oszcz\u0119dzi\u0107 przy kolejnych zakupach.<\/p>\n\n\n\n<p>Dzi\u0119ki dynamicznie rozwijaj\u0105cemu si\u0119 rynkowi mody internetowej ka\u017cda kobieta mo\u017ce budowa\u0107 sw\u00f3j styl w prosty i przyjemny spos\u00f3b. Wystarczy odrobina inspiracji, by stworzy\u0107 zestawy dopasowane do w\u0142asnych potrzeb i upodoba\u0144. Zakupy online pozwalaj\u0105 \u0142\u0105czy\u0107 mod\u0119 z wygod\u0105 i daj\u0105 swobod\u0119 wyboru, jakiej trudno szuka\u0107 w sklepach stacjonarnych.<\/p>\n\n\n\n<p>Podsumowuj\u0105c, <strong>modne ubrania dla kobiet<\/strong> to nie tylko szeroka oferta ubra\u0144, ale te\u017c nowoczesny spos\u00f3b dbania o siebie. Internetowe sklepy umo\u017cliwiaj\u0105 wygodne zakupy, zapewniaj\u0105 r\u00f3\u017cnorodno\u015b\u0107 i pomagaj\u0105 odkrywa\u0107 w\u0142asny styl ka\u017cdego dnia.<\/p>\n\n\n\n<p><\/p>\n","protected":false},"excerpt":{"rendered":"<p>Modne ubrania dla kobiet \u2013 styl i komfort ka\u017cdego dnia Modne ubrania dla kobiet to spos\u00f3b na wyra\u017cenie w\u0142asnego stylu i podkre\u015blenie osobowo\u015bci. Wsp\u00f3\u0142czesne sklepy internetowe oferuj\u0105 szeroki wyb\u00f3r fason\u00f3w i kolor\u00f3w, dzi\u0119ki czemu ka\u017cda kobieta mo\u017ce znale\u017a\u0107 co\u015b dla siebie. Zakupy online pozwalaj\u0105 r\u00f3wnie\u017c zaoszcz\u0119dzi\u0107 czas, poniewa\u017c ca\u0142y proces odbywa si\u0119 bez wychodzenia z [&hellip;]<\/p>\n","protected":false},"author":1,"featured_media":0,"parent":0,"menu_order":0,"comment_status":"closed","ping_status":"closed","template":"page-with-title","meta":{"footnotes":""},"class_list":["post-13","page","type-page","status-publish","hentry"],"yoast_head":"<!-- This site is optimized with the Yoast SEO plugin v26.1 - https:\/\/yoast.com\/wordpress\/plugins\/seo\/ -->\n<title>Modne ubrania dla kobiet \u2013 styl i wygodne zakupy online<\/title>\n<meta name=\"description\" content=\"Modne ubrania dla kobiet \u2013 odkryj szeroki wyb\u00f3r stylowych sukienek, bluzek i dodatk\u00f3w. Zam\u00f3w online i ciesz si\u0119 mod\u0105 w najlepszym wydaniu!\" \/>\n<meta name=\"robots\" content=\"index, follow, max-snippet:-1, max-image-preview:large, max-video-preview:-1\" \/>\n<link rel=\"canonical\" href=\"https:\/\/s2.onibo.pl\/index.php\/modne-ubrania-dla-kobiet\/\" \/>\n<meta property=\"og:locale\" content=\"pl_PL\" \/>\n<meta property=\"og:type\" content=\"article\" \/>\n<meta property=\"og:title\" content=\"Modne ubrania dla kobiet \u2013 styl i wygodne zakupy online\" \/>\n<meta property=\"og:description\" content=\"Modne ubrania dla kobiet \u2013 odkryj szeroki wyb\u00f3r stylowych sukienek, bluzek i dodatk\u00f3w. Zam\u00f3w online i ciesz si\u0119 mod\u0105 w najlepszym wydaniu!\" \/>\n<meta property=\"og:url\" content=\"https:\/\/s2.onibo.pl\/index.php\/modne-ubrania-dla-kobiet\/\" \/>\n<meta property=\"og:site_name\" content=\"Kolejna witryna oparta na WordPressie\" \/>\n<meta property=\"article:modified_time\" content=\"2025-10-25T18:19:29+00:00\" \/>\n<meta name=\"twitter:card\" content=\"summary_large_image\" \/>\n<meta name=\"twitter:label1\" content=\"Szacowany czas czytania\" \/>\n\t<meta name=\"twitter:data1\" content=\"3 minuty\" \/>\n<script type=\"application\/ld+json\" class=\"yoast-schema-graph\">{\"@context\":\"https:\/\/schema.org\",\"@graph\":[{\"@type\":\"WebPage\",\"@id\":\"https:\/\/s2.onibo.pl\/index.php\/modne-ubrania-dla-kobiet\/\",\"url\":\"https:\/\/s2.onibo.pl\/index.php\/modne-ubrania-dla-kobiet\/\",\"name\":\"Modne ubrania dla kobiet \u2013 styl i wygodne zakupy online\",\"isPartOf\":{\"@id\":\"https:\/\/s2.onibo.pl\/#website\"},\"datePublished\":\"2025-10-25T18:19:28+00:00\",\"dateModified\":\"2025-10-25T18:19:29+00:00\",\"description\":\"Modne ubrania dla kobiet \u2013 odkryj szeroki wyb\u00f3r stylowych sukienek, bluzek i dodatk\u00f3w. Zam\u00f3w online i ciesz si\u0119 mod\u0105 w najlepszym wydaniu!\",\"breadcrumb\":{\"@id\":\"https:\/\/s2.onibo.pl\/index.php\/modne-ubrania-dla-kobiet\/#breadcrumb\"},\"inLanguage\":\"pl-PL\",\"potentialAction\":[{\"@type\":\"ReadAction\",\"target\":[\"https:\/\/s2.onibo.pl\/index.php\/modne-ubrania-dla-kobiet\/\"]}]},{\"@type\":\"BreadcrumbList\",\"@id\":\"https:\/\/s2.onibo.pl\/index.php\/modne-ubrania-dla-kobiet\/#breadcrumb\",\"itemListElement\":[{\"@type\":\"ListItem\",\"position\":1,\"name\":\"Strona g\u0142\u00f3wna\",\"item\":\"https:\/\/s2.onibo.pl\/\"},{\"@type\":\"ListItem\",\"position\":2,\"name\":\"Modne ubrania dla kobiet\"}]},{\"@type\":\"WebSite\",\"@id\":\"https:\/\/s2.onibo.pl\/#website\",\"url\":\"https:\/\/s2.onibo.pl\/\",\"name\":\"Kolejna witryna oparta na WordPressie\",\"description\":\"\",\"potentialAction\":[{\"@type\":\"SearchAction\",\"target\":{\"@type\":\"EntryPoint\",\"urlTemplate\":\"https:\/\/s2.onibo.pl\/?s={search_term_string}\"},\"query-input\":{\"@type\":\"PropertyValueSpecification\",\"valueRequired\":true,\"valueName\":\"search_term_string\"}}],\"inLanguage\":\"pl-PL\"}]}<\/script>\n<!-- \/ Yoast SEO plugin. -->","yoast_head_json":{"title":"Modne ubrania dla kobiet \u2013 styl i wygodne zakupy online","description":"Modne ubrania dla kobiet \u2013 odkryj szeroki wyb\u00f3r stylowych sukienek, bluzek i dodatk\u00f3w. Zam\u00f3w online i ciesz si\u0119 mod\u0105 w najlepszym wydaniu!","robots":{"index":"index","follow":"follow","max-snippet":"max-snippet:-1","max-image-preview":"max-image-preview:large","max-video-preview":"max-video-preview:-1"},"canonical":"https:\/\/s2.onibo.pl\/index.php\/modne-ubrania-dla-kobiet\/","og_locale":"pl_PL","og_type":"article","og_title":"Modne ubrania dla kobiet \u2013 styl i wygodne zakupy online","og_description":"Modne ubrania dla kobiet \u2013 odkryj szeroki wyb\u00f3r stylowych sukienek, bluzek i dodatk\u00f3w. Zam\u00f3w online i ciesz si\u0119 mod\u0105 w najlepszym wydaniu!","og_url":"https:\/\/s2.onibo.pl\/index.php\/modne-ubrania-dla-kobiet\/","og_site_name":"Kolejna witryna oparta na WordPressie","article_modified_time":"2025-10-25T18:19:29+00:00","twitter_card":"summary_large_image","twitter_misc":{"Szacowany czas czytania":"3 minuty"},"schema":{"@context":"https:\/\/schema.org","@graph":[{"@type":"WebPage","@id":"https:\/\/s2.onibo.pl\/index.php\/modne-ubrania-dla-kobiet\/","url":"https:\/\/s2.onibo.pl\/index.php\/modne-ubrania-dla-kobiet\/","name":"Modne ubrania dla kobiet \u2013 styl i wygodne zakupy online","isPartOf":{"@id":"https:\/\/s2.onibo.pl\/#website"},"datePublished":"2025-10-25T18:19:28+00:00","dateModified":"2025-10-25T18:19:29+00:00","description":"Modne ubrania dla kobiet \u2013 odkryj szeroki wyb\u00f3r stylowych sukienek, bluzek i dodatk\u00f3w. Zam\u00f3w online i ciesz si\u0119 mod\u0105 w najlepszym wydaniu!","breadcrumb":{"@id":"https:\/\/s2.onibo.pl\/index.php\/modne-ubrania-dla-kobiet\/#breadcrumb"},"inLanguage":"pl-PL","potentialAction":[{"@type":"ReadAction","target":["https:\/\/s2.onibo.pl\/index.php\/modne-ubrania-dla-kobiet\/"]}]},{"@type":"BreadcrumbList","@id":"https:\/\/s2.onibo.pl\/index.php\/modne-ubrania-dla-kobiet\/#breadcrumb","itemListElement":[{"@type":"ListItem","position":1,"name":"Strona g\u0142\u00f3wna","item":"https:\/\/s2.onibo.pl\/"},{"@type":"ListItem","position":2,"name":"Modne ubrania dla kobiet"}]},{"@type":"WebSite","@id":"https:\/\/s2.onibo.pl\/#website","url":"https:\/\/s2.onibo.pl\/","name":"Kolejna witryna oparta na WordPressie","description":"","potentialAction":[{"@type":"SearchAction","target":{"@type":"EntryPoint","urlTemplate":"https:\/\/s2.onibo.pl\/?s={search_term_string}"},"query-input":{"@type":"PropertyValueSpecification","valueRequired":true,"valueName":"search_term_string"}}],"inLanguage":"pl-PL"}]}},"_links":{"self":[{"href":"https:\/\/s2.onibo.pl\/index.php\/wp-json\/wp\/v2\/pages\/13","targetHints":{"allow":["GET"]}}],"collection":[{"href":"https:\/\/s2.onibo.pl\/index.php\/wp-json\/wp\/v2\/pages"}],"about":[{"href":"https:\/\/s2.onibo.pl\/index.php\/wp-json\/wp\/v2\/types\/page"}],"author":[{"embeddable":true,"href":"https:\/\/s2.onibo.pl\/index.php\/wp-json\/wp\/v2\/users\/1"}],"replies":[{"embeddable":true,"href":"https:\/\/s2.onibo.pl\/index.php\/wp-json\/wp\/v2\/comments?post=13"}],"version-history":[{"count":1,"href":"https:\/\/s2.onibo.pl\/index.php\/wp-json\/wp\/v2\/pages\/13\/revisions"}],"predecessor-version":[{"id":14,"href":"https:\/\/s2.onibo.pl\/index.php\/wp-json\/wp\/v2\/pages\/13\/revisions\/14"}],"wp:attachment":[{"href":"https:\/\/s2.onibo.pl\/index.php\/wp-json\/wp\/v2\/media?parent=13"}],"curies":[{"name":"wp","href":"https:\/\/api.w.org\/{rel}","templated":true}]}}